{"id":14,"date":"2025-08-23T10:02:39","date_gmt":"2025-08-23T10:02:39","guid":{"rendered":"https:\/\/macarenaescamezinteriorismo.com\/?page_id=14"},"modified":"2026-02-06T12:35:41","modified_gmt":"2026-02-06T12:35:41","slug":"portfolio","status":"publish","type":"page","link":"https:\/\/macarenaescamezinteriorismo.com\/index.php\/portfolio\/","title":{"rendered":"Portfolio"},"content":{"rendered":"\t\t<div data-elementor-type=\"wp-page\" data-elementor-id=\"14\" class=\"elementor elementor-14\" data-elementor-post-type=\"page\">\n\t\t\t\t<div class=\"elementor-element elementor-element-c858a94 e-grid e-con-full e-con e-parent\" data-id=\"c858a94\" data-element_type=\"container\" data-e-type=\"container\">\n\t\t\t\t<div class=\"elementor-element elementor-element-1732d27 elementor-widget elementor-widget-image\" data-id=\"1732d27\" data-element_type=\"widget\" data-e-type=\"widget\" data-widget_type=\"image.default\">\n\t\t\t\t\t\t\t\t\t\t\t\t\t\t\t<img decoding=\"async\" src=\"https:\/\/macarenaescamezinteriorismo.com\/wp-content\/uploads\/2025\/11\/20240730_152726.jpg\" title=\"20240730_152726\" alt=\"20240730_152726\" loading=\"lazy\" \/>\t\t\t\t\t\t\t\t\t\t\t\t\t\t\t<\/div>\n\t\t\t\t<div class=\"elementor-element elementor-element-9a7e6fc elementor-widget elementor-widget-text-editor\" data-id=\"9a7e6fc\" data-element_type=\"widget\" data-e-type=\"widget\" data-widget_type=\"text-editor.default\">\n\t\t\t\t\t\t\t\t\t<div class=\"text_articulo\"><p class=\"text_articulo-title\">Piso en Calle Victoria<\/p><p class=\"text_articulo-ubi\">M\u00e1laga<\/p><\/div>\t\t\t\t\t\t\t\t<\/div>\n\t\t\t\t<\/div>\n\t\t<div class=\"elementor-element elementor-element-c3fb30a e-grid e-con-full e-con e-parent\" data-id=\"c3fb30a\" data-element_type=\"container\" data-e-type=\"container\">\n\t\t\t\t<div class=\"elementor-element elementor-element-bc5d4ea elementor-widget elementor-widget-text-editor\" data-id=\"bc5d4ea\" data-element_type=\"widget\" data-e-type=\"widget\" data-widget_type=\"text-editor.default\">\n\t\t\t\t\t\t\t\t\t<div class=\"text_articulo\">\n<p class=\"text_articulo-title\">Residencial Vista Bah\u00eda<\/p>\n<p class=\"text_articulo-ubi\">M\u00e1laga<\/p>\n\n<\/div>\t\t\t\t\t\t\t\t<\/div>\n\t\t\t\t<div class=\"elementor-element elementor-element-29bb04d elementor-widget elementor-widget-image\" data-id=\"29bb04d\" data-element_type=\"widget\" data-e-type=\"widget\" data-widget_type=\"image.default\">\n\t\t\t\t\t\t\t\t\t\t\t\t\t\t\t<img fetchpriority=\"high\" decoding=\"async\" width=\"716\" height=\"955\" src=\"https:\/\/macarenaescamezinteriorismo.com\/wp-content\/uploads\/2025\/08\/20240131_145017.jpg\" class=\"attachment-large size-large wp-image-112\" alt=\"\" srcset=\"https:\/\/macarenaescamezinteriorismo.com\/wp-content\/uploads\/2025\/08\/20240131_145017.jpg 716w, https:\/\/macarenaescamezinteriorismo.com\/wp-content\/uploads\/2025\/08\/20240131_145017-225x300.jpg 225w\" sizes=\"(max-width: 716px) 100vw, 716px\" \/>\t\t\t\t\t\t\t\t\t\t\t\t\t\t\t<\/div>\n\t\t\t\t<\/div>\n\t\t<div class=\"elementor-element elementor-element-8de8721 e-grid e-con-full e-con e-parent\" data-id=\"8de8721\" data-element_type=\"container\" data-e-type=\"container\">\n\t\t\t\t<div class=\"elementor-element elementor-element-bbe37bb elementor-widget elementor-widget-image\" data-id=\"bbe37bb\" data-element_type=\"widget\" data-e-type=\"widget\" data-widget_type=\"image.default\">\n\t\t\t\t\t\t\t\t\t\t\t\t\t\t\t<img decoding=\"async\" width=\"800\" height=\"683\" src=\"https:\/\/macarenaescamezinteriorismo.com\/wp-content\/uploads\/2025\/11\/e5849e32-b9de-411a-b419-d975885a3a7a-1024x874.jpeg\" class=\"attachment-large size-large wp-image-228\" alt=\"\" srcset=\"https:\/\/macarenaescamezinteriorismo.com\/wp-content\/uploads\/2025\/11\/e5849e32-b9de-411a-b419-d975885a3a7a-1024x874.jpeg 1024w, https:\/\/macarenaescamezinteriorismo.com\/wp-content\/uploads\/2025\/11\/e5849e32-b9de-411a-b419-d975885a3a7a-300x256.jpeg 300w, https:\/\/macarenaescamezinteriorismo.com\/wp-content\/uploads\/2025\/11\/e5849e32-b9de-411a-b419-d975885a3a7a-768x655.jpeg 768w, https:\/\/macarenaescamezinteriorismo.com\/wp-content\/uploads\/2025\/11\/e5849e32-b9de-411a-b419-d975885a3a7a-1536x1310.jpeg 1536w, https:\/\/macarenaescamezinteriorismo.com\/wp-content\/uploads\/2025\/11\/e5849e32-b9de-411a-b419-d975885a3a7a.jpeg 2048w\" sizes=\"(max-width: 800px) 100vw, 800px\" \/>\t\t\t\t\t\t\t\t\t\t\t\t\t\t\t<\/div>\n\t\t\t\t<div class=\"elementor-element elementor-element-e8bc7bc elementor-widget elementor-widget-text-editor\" data-id=\"e8bc7bc\" data-element_type=\"widget\" data-e-type=\"widget\" data-widget_type=\"text-editor.default\">\n\t\t\t\t\t\t\t\t\t<div class=\"text_articulo\">\n<p class=\"text_articulo-title\">Chalet Hacienda Paredes<\/p>\n<p class=\"text_articulo-ubi\">M\u00e1laga<\/p>\n\n<\/div>\t\t\t\t\t\t\t\t<\/div>\n\t\t\t\t<\/div>\n\t\t<div class=\"elementor-element elementor-element-df0a962 e-grid e-con-boxed e-con e-parent\" data-id=\"df0a962\" data-element_type=\"container\" data-e-type=\"container\">\n\t\t\t\t\t<div class=\"e-con-inner\">\n\t\t\t\t<div class=\"elementor-element elementor-element-9507e40 elementor-cta--layout-image-above elementor-cta--skin-classic elementor-animated-content elementor-bg-transform elementor-bg-transform-zoom-in elementor-widget elementor-widget-call-to-action\" data-id=\"9507e40\" data-element_type=\"widget\" data-e-type=\"widget\" data-widget_type=\"call-to-action.default\">\n\t\t\t\t\t\t\t<div class=\"elementor-cta\">\n\t\t\t\t\t<div class=\"elementor-cta__bg-wrapper\">\n\t\t\t\t<div class=\"elementor-cta__bg elementor-bg\" style=\"background-image: url(https:\/\/macarenaescamezinteriorismo.com\/wp-content\/uploads\/2025\/08\/20240731_174428.jpg);\" role=\"img\" aria-label=\"20240731_174428\"><\/div>\n\t\t\t\t<div class=\"elementor-cta__bg-overlay\"><\/div>\n\t\t\t<\/div>\n\t\t\t\t\t\t\t<div class=\"elementor-cta__content\">\n\t\t\t\t\n\t\t\t\t\t\t\t\t\t<h2 class=\"elementor-cta__title elementor-cta__content-item elementor-content-item\">\n\t\t\t\t\t\tPiso en Calle Victoria\t\t\t\t\t<\/h2>\n\t\t\t\t\n\t\t\t\t\t\t\t\t\t<div class=\"elementor-cta__description elementor-cta__content-item elementor-content-item\">\n\t\t\t\t\t\tReforma y dise\u00f1o\t\t\t\t\t<\/div>\n\t\t\t\t\n\t\t\t\t\t\t\t\t\t<div class=\"elementor-cta__button-wrapper elementor-cta__content-item elementor-content-item \">\n\t\t\t\t\t<a class=\"elementor-cta__button elementor-button elementor-size-\" href=\"https:\/\/macarenaescamezinteriorismo.com\/index.php\/contacto\/\" target=\"_blank\">\n\t\t\t\t\t\tVer Piso Calle Victoria\t\t\t\t\t<\/a>\n\t\t\t\t\t<\/div>\n\t\t\t\t\t\t\t<\/div>\n\t\t\t\t\t\t<\/div>\n\t\t\t\t\t\t<\/div>\n\t\t\t\t<div class=\"elementor-element elementor-element-0f8b6f8 elementor-cta--layout-image-above elementor-cta--skin-classic elementor-animated-content elementor-bg-transform elementor-bg-transform-zoom-in elementor-widget elementor-widget-call-to-action\" data-id=\"0f8b6f8\" data-element_type=\"widget\" data-e-type=\"widget\" data-widget_type=\"call-to-action.default\">\n\t\t\t\t\t\t\t<div class=\"elementor-cta\">\n\t\t\t\t\t<div class=\"elementor-cta__bg-wrapper\">\n\t\t\t\t<div class=\"elementor-cta__bg elementor-bg\" style=\"background-image: url(https:\/\/macarenaescamezinteriorismo.com\/wp-content\/uploads\/2025\/08\/20240131_145017.jpg);\" role=\"img\" aria-label=\"20240131_145017\"><\/div>\n\t\t\t\t<div class=\"elementor-cta__bg-overlay\"><\/div>\n\t\t\t<\/div>\n\t\t\t\t\t\t\t<div class=\"elementor-cta__content\">\n\t\t\t\t\n\t\t\t\t\t\t\t\t\t<h2 class=\"elementor-cta__title elementor-cta__content-item elementor-content-item\">\n\t\t\t\t\t\tResidencial Vista Bah\u00eda\t\t\t\t\t<\/h2>\n\t\t\t\t\n\t\t\t\t\t\t\t\t\t<div class=\"elementor-cta__description elementor-cta__content-item elementor-content-item\">\n\t\t\t\t\t\tReforma y dise\u00f1o\t\t\t\t\t<\/div>\n\t\t\t\t\n\t\t\t\t\t\t\t\t\t<div class=\"elementor-cta__button-wrapper elementor-cta__content-item elementor-content-item \">\n\t\t\t\t\t<a class=\"elementor-cta__button elementor-button elementor-size-\" href=\"https:\/\/macarenaescamezinteriorismo.com\/index.php\/contacto\/\" target=\"_blank\">\n\t\t\t\t\t\tVer Residencial\t\t\t\t\t<\/a>\n\t\t\t\t\t<\/div>\n\t\t\t\t\t\t\t<\/div>\n\t\t\t\t\t\t<\/div>\n\t\t\t\t\t\t<\/div>\n\t\t\t\t<div class=\"elementor-element elementor-element-3293896 elementor-cta--layout-image-above elementor-cta--skin-classic elementor-animated-content elementor-bg-transform elementor-bg-transform-zoom-in elementor-widget elementor-widget-call-to-action\" data-id=\"3293896\" data-element_type=\"widget\" data-e-type=\"widget\" data-widget_type=\"call-to-action.default\">\n\t\t\t\t\t\t\t<div class=\"elementor-cta\">\n\t\t\t\t\t<div class=\"elementor-cta__bg-wrapper\">\n\t\t\t\t<div class=\"elementor-cta__bg elementor-bg\" style=\"background-image: url(https:\/\/macarenaescamezinteriorismo.com\/wp-content\/uploads\/2025\/08\/20240221_105044-1024x768.jpg);\" role=\"img\" aria-label=\"20240221_105044\"><\/div>\n\t\t\t\t<div class=\"elementor-cta__bg-overlay\"><\/div>\n\t\t\t<\/div>\n\t\t\t\t\t\t\t<div class=\"elementor-cta__content\">\n\t\t\t\t\n\t\t\t\t\t\t\t\t\t<h2 class=\"elementor-cta__title elementor-cta__content-item elementor-content-item\">\n\t\t\t\t\t\tChalet en Hacienda Paredes\t\t\t\t\t<\/h2>\n\t\t\t\t\n\t\t\t\t\t\t\t\t\t<div class=\"elementor-cta__description elementor-cta__content-item elementor-content-item\">\n\t\t\t\t\t\tReforma y dise\u00f1o\t\t\t\t\t<\/div>\n\t\t\t\t\n\t\t\t\t\t\t\t\t\t<div class=\"elementor-cta__button-wrapper elementor-cta__content-item elementor-content-item \">\n\t\t\t\t\t<a class=\"elementor-cta__button elementor-button elementor-size-\" href=\"https:\/\/macarenaescamezinteriorismo.com\/index.php\/contacto\/\">\n\t\t\t\t\t\tVer Chalet\t\t\t\t\t<\/a>\n\t\t\t\t\t<\/div>\n\t\t\t\t\t\t\t<\/div>\n\t\t\t\t\t\t<\/div>\n\t\t\t\t\t\t<\/div>\n\t\t\t\t\t<\/div>\n\t\t\t\t<\/div>\n\t\t\t\t<\/div>\n\t\t","protected":false},"excerpt":{"rendered":"<p>Piso en Calle Victoria M\u00e1laga Residencial Vista Bah\u00eda M\u00e1laga Chalet Hacienda Paredes M\u00e1laga Piso en Calle Victoria Reforma y dise\u00f1o Ver Piso Calle Victoria Residencial Vista Bah\u00eda Reforma y dise\u00f1o Ver Residencial Chalet en Hacienda Paredes Reforma y dise\u00f1o Ver Chalet<\/p>\n","protected":false},"author":1,"featured_media":0,"parent":0,"menu_order":0,"comment_status":"closed","ping_status":"closed","template":"","meta":{"footnotes":""},"class_list":["post-14","page","type-page","status-publish","hentry"],"_links":{"self":[{"href":"https:\/\/macarenaescamezinteriorismo.com\/index.php\/wp-json\/wp\/v2\/pages\/14","targetHints":{"allow":["GET"]}}],"collection":[{"href":"https:\/\/macarenaescamezinteriorismo.com\/index.php\/wp-json\/wp\/v2\/pages"}],"about":[{"href":"https:\/\/macarenaescamezinteriorismo.com\/index.php\/wp-json\/wp\/v2\/types\/page"}],"author":[{"embeddable":true,"href":"https:\/\/macarenaescamezinteriorismo.com\/index.php\/wp-json\/wp\/v2\/users\/1"}],"replies":[{"embeddable":true,"href":"https:\/\/macarenaescamezinteriorismo.com\/index.php\/wp-json\/wp\/v2\/comments?post=14"}],"version-history":[{"count":49,"href":"https:\/\/macarenaescamezinteriorismo.com\/index.php\/wp-json\/wp\/v2\/pages\/14\/revisions"}],"predecessor-version":[{"id":272,"href":"https:\/\/macarenaescamezinteriorismo.com\/index.php\/wp-json\/wp\/v2\/pages\/14\/revisions\/272"}],"wp:attachment":[{"href":"https:\/\/macarenaescamezinteriorismo.com\/index.php\/wp-json\/wp\/v2\/media?parent=14"}],"curies":[{"name":"wp","href":"https:\/\/api.w.org\/{rel}","templated":true}]}}