{"id":18,"date":"2025-08-23T10:03:55","date_gmt":"2025-08-23T10:03:55","guid":{"rendered":"https:\/\/macarenaescamezinteriorismo.com\/?page_id=18"},"modified":"2026-02-06T12:17:25","modified_gmt":"2026-02-06T12:17:25","slug":"politica-de-privacidad","status":"publish","type":"page","link":"https:\/\/macarenaescamezinteriorismo.com\/index.php\/politica-de-privacidad\/","title":{"rendered":"Pol\u00edtica de privacidad"},"content":{"rendered":"\n<h2 class=\"wp-block-heading\">1. Responsable del tratamiento<\/h2>\n\n\n\n<p>De conformidad con lo dispuesto en el Reglamento (UE) 2016\/679 (RGPD) y la Ley Org\u00e1nica 3\/2018 (LOPDGDD), se informa al usuario de los siguientes datos del responsable del tratamiento:<\/p>\n\n\n\n<p><strong>Titular:<\/strong><em> <em>Carmen Macarena Esc\u00e1mez Navas<\/em><br><\/em><strong>NIF\/CIF:<\/strong>\u00a0<em><em>74856841Y<\/em><br><\/em><strong>Domicilio social:<\/strong><em>Calle Fuengirola n\u00famero 11 Portal 4 Piso 2 D<\/em> <em>29730 &#8211; Rinc\u00f3n de la Victoria<br><\/em><strong>Correo electr\u00f3nico:<\/strong> macarenaescamez@hotmail.com<\/p>\n\n\n\n<hr class=\"wp-block-separator has-alpha-channel-opacity\"\/>\n\n\n\n<h3 class=\"wp-block-heading\">2. Finalidad del tratamiento de los datos<\/h3>\n\n\n\n<p>Los datos personales que el usuario facilite a trav\u00e9s del sitio web ser\u00e1n tratados con las siguientes finalidades:<\/p>\n\n\n\n<ul class=\"wp-block-list\">\n<li>Atender consultas o solicitudes realizadas a trav\u00e9s de los formularios de contacto.<\/li>\n\n\n\n<li>Gestionar la relaci\u00f3n profesional o comercial con el usuario.<\/li>\n\n\n\n<li>Enviar comunicaciones informativas relacionadas con los servicios del titular, cuando el usuario haya prestado su consentimiento.<\/li>\n<\/ul>\n\n\n\n<hr class=\"wp-block-separator has-alpha-channel-opacity\"\/>\n\n\n\n<h3 class=\"wp-block-heading\">3. Legitimaci\u00f3n para el tratamiento<\/h3>\n\n\n\n<p>La base legal para el tratamiento de los datos personales es:<\/p>\n\n\n\n<ul class=\"wp-block-list\">\n<li>El\u00a0<strong>consentimiento del usuario<\/strong>, otorgado mediante la aceptaci\u00f3n expresa de la presente pol\u00edtica de privacidad.<\/li>\n\n\n\n<li>La\u00a0<strong>ejecuci\u00f3n de un contrato<\/strong>\u00a0o la aplicaci\u00f3n de medidas precontractuales, cuando resulte necesario.<\/li>\n\n\n\n<li>El\u00a0<strong>cumplimiento de obligaciones legales<\/strong>\u00a0aplicables al responsable del tratamiento.<\/li>\n<\/ul>\n\n\n\n<hr class=\"wp-block-separator has-alpha-channel-opacity\"\/>\n\n\n\n<h3 class=\"wp-block-heading\">4. Conservaci\u00f3n de los datos<\/h3>\n\n\n\n<p>Los datos personales se conservar\u00e1n durante el tiempo necesario para cumplir con la finalidad para la que fueron recabados y para determinar las posibles responsabilidades que se pudieran derivar del tratamiento, conforme a la normativa vigente.<\/p>\n\n\n\n<hr class=\"wp-block-separator has-alpha-channel-opacity\"\/>\n\n\n\n<h3 class=\"wp-block-heading\">5. Destinatarios de los datos<\/h3>\n\n\n\n<p>Los datos personales no se ceder\u00e1n a terceros, salvo obligaci\u00f3n legal o cuando sea necesario para la correcta prestaci\u00f3n del servicio (por ejemplo, proveedores de servicios tecnol\u00f3gicos que act\u00faen como encargados del tratamiento).<\/p>\n\n\n\n<p>En ning\u00fan caso se realizar\u00e1n transferencias internacionales de datos sin las garant\u00edas legalmente exigidas.<\/p>\n\n\n\n<hr class=\"wp-block-separator has-alpha-channel-opacity\"\/>\n\n\n\n<h3 class=\"wp-block-heading\">6. Derechos de los usuarios<\/h3>\n\n\n\n<p>El usuario tiene derecho a:<\/p>\n\n\n\n<ul class=\"wp-block-list\">\n<li>Acceder a sus datos personales.<\/li>\n\n\n\n<li>Solicitar la rectificaci\u00f3n de los datos inexactos.<\/li>\n\n\n\n<li>Solicitar la supresi\u00f3n de sus datos cuando ya no sean necesarios.<\/li>\n\n\n\n<li>Solicitar la limitaci\u00f3n del tratamiento.<\/li>\n\n\n\n<li>Oponerse al tratamiento de sus datos.<\/li>\n\n\n\n<li>Solicitar la portabilidad de sus datos.<\/li>\n<\/ul>\n\n\n\n<p>Para ejercer estos derechos, el usuario puede enviar una solicitud escrita, acompa\u00f1ada de copia de su documento identificativo, al correo electr\u00f3nico indicado en el apartado de responsable del tratamiento.<\/p>\n\n\n\n<p>Asimismo, el usuario tiene derecho a presentar una reclamaci\u00f3n ante la&nbsp;<strong>Agencia Espa\u00f1ola de Protecci\u00f3n de Datos (AEPD)<\/strong>&nbsp;si considera que el tratamiento de sus datos no se ajusta a la normativa vigente.<\/p>\n\n\n\n<hr class=\"wp-block-separator has-alpha-channel-opacity\"\/>\n\n\n\n<h3 class=\"wp-block-heading\">7. Medidas de seguridad<\/h3>\n\n\n\n<p>El responsable del tratamiento adopta las medidas t\u00e9cnicas y organizativas necesarias para garantizar la seguridad, integridad y confidencialidad de los datos personales, evitando su p\u00e9rdida, alteraci\u00f3n o acceso no autorizado.<\/p>\n\n\n\n<hr class=\"wp-block-separator has-alpha-channel-opacity\"\/>\n\n\n\n<h3 class=\"wp-block-heading\">8. Enlaces a terceros<\/h3>\n\n\n\n<p>El sitio web puede contener enlaces a p\u00e1ginas web de terceros. El responsable no se hace responsable del contenido ni de las pol\u00edticas de privacidad de dichos sitios.<\/p>\n\n\n\n<hr class=\"wp-block-separator has-alpha-channel-opacity\"\/>\n\n\n\n<h3 class=\"wp-block-heading\">9. Modificaci\u00f3n de la pol\u00edtica de privacidad<\/h3>\n\n\n\n<p>El responsable del tratamiento se reserva el derecho a modificar la presente pol\u00edtica de privacidad para adaptarla a novedades legislativas o jurisprudenciales. En dichos supuestos, se anunciar\u00e1n los cambios en esta misma p\u00e1gina.<\/p>\n","protected":false},"excerpt":{"rendered":"<p>1. Responsable del tratamiento De conformidad con lo dispuesto en el Reglamento (UE) 2016\/679 (RGPD) y la Ley Org\u00e1nica 3\/2018 (LOPDGDD), se informa al usuario de los siguientes datos del responsable del tratamiento: Titular: Carmen Macarena Esc\u00e1mez NavasNIF\/CIF:\u00a074856841YDomicilio social:Calle Fuengirola n\u00famero 11 Portal 4 Piso 2 D 29730 &#8211; Rinc\u00f3n de la VictoriaCorreo electr\u00f3nico: macarenaescamez@hotmail.com [&hellip;]<\/p>\n","protected":false},"author":1,"featured_media":0,"parent":0,"menu_order":0,"comment_status":"closed","ping_status":"closed","template":"","meta":{"footnotes":""},"class_list":["post-18","page","type-page","status-publish","hentry"],"_links":{"self":[{"href":"https:\/\/macarenaescamezinteriorismo.com\/index.php\/wp-json\/wp\/v2\/pages\/18","targetHints":{"allow":["GET"]}}],"collection":[{"href":"https:\/\/macarenaescamezinteriorismo.com\/index.php\/wp-json\/wp\/v2\/pages"}],"about":[{"href":"https:\/\/macarenaescamezinteriorismo.com\/index.php\/wp-json\/wp\/v2\/types\/page"}],"author":[{"embeddable":true,"href":"https:\/\/macarenaescamezinteriorismo.com\/index.php\/wp-json\/wp\/v2\/users\/1"}],"replies":[{"embeddable":true,"href":"https:\/\/macarenaescamezinteriorismo.com\/index.php\/wp-json\/wp\/v2\/comments?post=18"}],"version-history":[{"count":3,"href":"https:\/\/macarenaescamezinteriorismo.com\/index.php\/wp-json\/wp\/v2\/pages\/18\/revisions"}],"predecessor-version":[{"id":260,"href":"https:\/\/macarenaescamezinteriorismo.com\/index.php\/wp-json\/wp\/v2\/pages\/18\/revisions\/260"}],"wp:attachment":[{"href":"https:\/\/macarenaescamezinteriorismo.com\/index.php\/wp-json\/wp\/v2\/media?parent=18"}],"curies":[{"name":"wp","href":"https:\/\/api.w.org\/{rel}","templated":true}]}}